{"id":68,"date":"2022-07-07T16:50:47","date_gmt":"2022-07-07T14:50:47","guid":{"rendered":"http:\/\/www.hseg.fr\/?page_id=68"},"modified":"2023-02-01T16:25:51","modified_gmt":"2023-02-01T15:25:51","slug":"coordonees-elect-73","status":"publish","type":"page","link":"https:\/\/www.hseg.fr\/index.php\/coordonees-elect-73\/","title":{"rendered":"electricien en maurienne, haute maurienne numero telephone, coordon\u00e9es elect 73"},"content":{"rendered":"\n<div class=\"wp-block-group alignfull ext editor:no-inserter ext-my-0 ext-py-lg has-background is-layout-constrained wp-block-group-is-layout-constrained\" style=\"background:linear-gradient(135deg,rgb(204,255,237) 0%,rgba(182,227,212,0.25) 50%,rgb(152,225,233) 100%)\">\n<div class=\"wp-block-columns alignwide are-vertically-aligned-center desktop:fullwidth-cols ext-mb-0 ext-flex-col desktop:ext-mb-base desktop:ext-flex-row desktop:ext-fullwidth-cols is-layout-flex wp-container-core-columns-is-layout-28f84493 wp-block-columns-is-layout-flex\">\n<div class=\"wp-block-column is-vertically-aligned-center editor:no-inserter is-layout-flow wp-block-column-is-layout-flow\" style=\"flex-basis:63%\">\n<h6 class=\"has-text-align-center ext-mt-0 has-foreground-color has-text-color has-ext-large-font-size wp-block-heading\" id=\"thoughtful-design-has-the-power-grow-businesses\"><strong>Comment nous contacter<\/strong><\/h6>\n<\/div>\n<\/div>\n\n\n\n<figure class=\"wp-block-pullquote alignwide\"><blockquote><p>Bonjour, j&rsquo;esp\u00e8re que mon site vous a plu. Je suis un \u00e9lectricien professionnel et je suis disponible pour des prestations dans le d\u00e9partement de la Savoie (73). Je m&rsquo;efforce de fournir un excellent service \u00e0 mes clients et j&rsquo;appr\u00e9cie le travail bien fait. Si vous \u00eates \u00e0 la recherche d&rsquo;un \u00e9lectricien sympathique et professionnel, je serais heureux de vous aider. <br>N&rsquo;h\u00e9sitez pas \u00e0 me contacter si vous avez des questions ou des demandes suppl\u00e9mentaires. <br>Merci de votre temps et j&rsquo;esp\u00e8re avoir de vos nouvelles bient\u00f4t.<\/p><cite>salomon herve<\/cite><\/blockquote><\/figure>\n\n\n\n<figure class=\"wp-block-image size-large has-custom-border\"><img loading=\"lazy\" decoding=\"async\" width=\"1024\" height=\"769\" src=\"https:\/\/www.hseg.fr\/wp-content\/uploads\/2023\/01\/DSCF1555-1024x769.jpg\" alt=\"Salomon Herv\u00e9 en train d'accrocher une ampoule a sa douille au plafond.\" class=\"wp-image-597\" style=\"border-radius:19px\" srcset=\"https:\/\/www.hseg.fr\/wp-content\/uploads\/2023\/01\/DSCF1555-1024x769.jpg 1024w, https:\/\/www.hseg.fr\/wp-content\/uploads\/2023\/01\/DSCF1555-300x225.jpg 300w, https:\/\/www.hseg.fr\/wp-content\/uploads\/2023\/01\/DSCF1555-768x577.jpg 768w, https:\/\/www.hseg.fr\/wp-content\/uploads\/2023\/01\/DSCF1555-1536x1153.jpg 1536w, https:\/\/www.hseg.fr\/wp-content\/uploads\/2023\/01\/DSCF1555-2048x1538.jpg 2048w\" sizes=\"auto, (max-width: 1024px) 100vw, 1024px\" \/><\/figure>\n\n\n\n<div class=\"wp-block-group is-layout-constrained wp-block-group-is-layout-constrained\">\n<div class=\"wp-block-media-text alignwide is-stacked-on-mobile\" style=\"grid-template-columns:15% auto\"><figure class=\"wp-block-media-text__media\"><img loading=\"lazy\" decoding=\"async\" width=\"1024\" height=\"1024\" src=\"https:\/\/www.hseg.fr\/wp-content\/uploads\/2023\/01\/Sans-titre-9-1-1024x1024.png\" alt=\"\" class=\"wp-image-568 size-full\" srcset=\"https:\/\/www.hseg.fr\/wp-content\/uploads\/2023\/01\/Sans-titre-9-1-1024x1024.png 1024w, https:\/\/www.hseg.fr\/wp-content\/uploads\/2023\/01\/Sans-titre-9-1-300x300.png 300w, https:\/\/www.hseg.fr\/wp-content\/uploads\/2023\/01\/Sans-titre-9-1-150x150.png 150w, https:\/\/www.hseg.fr\/wp-content\/uploads\/2023\/01\/Sans-titre-9-1-768x768.png 768w, https:\/\/www.hseg.fr\/wp-content\/uploads\/2023\/01\/Sans-titre-9-1.png 1080w\" sizes=\"auto, (max-width: 1024px) 100vw, 1024px\" \/><\/figure><div class=\"wp-block-media-text__content\">\n<h4 class=\"wp-block-heading\"><strong>06.68.56.18.35<\/strong><\/h4>\n<\/div><\/div>\n\n\n\n<div class=\"wp-block-media-text alignwide is-stacked-on-mobile\" style=\"grid-template-columns:15% auto\"><figure class=\"wp-block-media-text__media\"><img loading=\"lazy\" decoding=\"async\" width=\"1024\" height=\"1024\" src=\"https:\/\/www.hseg.fr\/wp-content\/uploads\/2023\/01\/Sans-titre-8-1-1024x1024.png\" alt=\"\" class=\"wp-image-577 size-full\" srcset=\"https:\/\/www.hseg.fr\/wp-content\/uploads\/2023\/01\/Sans-titre-8-1-1024x1024.png 1024w, https:\/\/www.hseg.fr\/wp-content\/uploads\/2023\/01\/Sans-titre-8-1-300x300.png 300w, https:\/\/www.hseg.fr\/wp-content\/uploads\/2023\/01\/Sans-titre-8-1-150x150.png 150w, https:\/\/www.hseg.fr\/wp-content\/uploads\/2023\/01\/Sans-titre-8-1-768x768.png 768w, https:\/\/www.hseg.fr\/wp-content\/uploads\/2023\/01\/Sans-titre-8-1.png 1080w\" sizes=\"auto, (max-width: 1024px) 100vw, 1024px\" \/><\/figure><div class=\"wp-block-media-text__content\">\n<h4 class=\"wp-block-heading\"><strong>hseg@outlook.fr<\/strong><\/h4>\n<\/div><\/div>\n\n\n\n<div class=\"wp-block-media-text alignwide is-stacked-on-mobile\" style=\"grid-template-columns:30% auto\"><figure class=\"wp-block-media-text__media\"><img loading=\"lazy\" decoding=\"async\" width=\"1024\" height=\"1024\" src=\"https:\/\/www.hseg.fr\/wp-content\/uploads\/2023\/01\/Sans-titre-10-1024x1024.png\" alt=\"Photo de la devanture du bureau (si\u00e8ge social) de Salomon Herve \u00e0 la chambre.\" class=\"wp-image-582 size-full\" srcset=\"https:\/\/www.hseg.fr\/wp-content\/uploads\/2023\/01\/Sans-titre-10-1024x1024.png 1024w, https:\/\/www.hseg.fr\/wp-content\/uploads\/2023\/01\/Sans-titre-10-300x300.png 300w, https:\/\/www.hseg.fr\/wp-content\/uploads\/2023\/01\/Sans-titre-10-150x150.png 150w, https:\/\/www.hseg.fr\/wp-content\/uploads\/2023\/01\/Sans-titre-10-768x768.png 768w, https:\/\/www.hseg.fr\/wp-content\/uploads\/2023\/01\/Sans-titre-10.png 1080w\" sizes=\"auto, (max-width: 1024px) 100vw, 1024px\" \/><\/figure><div class=\"wp-block-media-text__content\">\n<div class=\"wp-block-group is-vertical is-layout-flex wp-container-core-group-is-layout-fe9cc265 wp-block-group-is-layout-flex\">\n<h5 class=\"wp-block-heading\"><strong>OU Directement au Bureau, situ<\/strong>\u00e9 : <\/h5>\n\n\n\n<h4 class=\"wp-block-heading\"><strong>539 Grande rue<\/strong> <\/h4>\n\n\n\n<h4 class=\"has-text-align-center wp-block-heading\"><strong>73130 La Chambre<\/strong><\/h4>\n<\/div>\n\n\n\n<h4 class=\"wp-block-heading\"> <\/h4>\n<\/div><\/div>\n\n\n\n<div class=\"wp-block-media-text alignwide is-stacked-on-mobile\" style=\"grid-template-columns:15% auto\"><figure class=\"wp-block-media-text__media\"><img loading=\"lazy\" decoding=\"async\" width=\"1024\" height=\"1024\" src=\"https:\/\/www.hseg.fr\/wp-content\/uploads\/2023\/01\/Sans-titre-12-1024x1024.png\" alt=\"\" class=\"wp-image-587 size-full\" srcset=\"https:\/\/www.hseg.fr\/wp-content\/uploads\/2023\/01\/Sans-titre-12-1024x1024.png 1024w, https:\/\/www.hseg.fr\/wp-content\/uploads\/2023\/01\/Sans-titre-12-300x300.png 300w, https:\/\/www.hseg.fr\/wp-content\/uploads\/2023\/01\/Sans-titre-12-150x150.png 150w, https:\/\/www.hseg.fr\/wp-content\/uploads\/2023\/01\/Sans-titre-12-768x768.png 768w, https:\/\/www.hseg.fr\/wp-content\/uploads\/2023\/01\/Sans-titre-12.png 1080w\" sizes=\"auto, (max-width: 1024px) 100vw, 1024px\" \/><\/figure><div class=\"wp-block-media-text__content\">\n<h4 class=\"wp-block-heading\"><strong><a href=\"https:\/\/www.facebook.com\/herve.salomon.7\" target=\"_blank\" rel=\"noreferrer noopener\">Herve Salomon&nbsp;(Karine D\u00e9co)<\/a><\/strong><\/h4>\n<\/div><\/div>\n<\/div>\n\n\n\n<div class=\"wp-block-columns alignwide desktop:ext-fullwidth-cols desktop:fullwidth-cols ext-mt-lg is-layout-flex wp-container-core-columns-is-layout-28f84493 wp-block-columns-is-layout-flex\">\n<div class=\"wp-block-column is-layout-flow wp-block-column-is-layout-flow\"><\/div>\n<\/div>\n\n\n\n<blockquote class=\"wp-block-quote is-layout-flow wp-block-quote-is-layout-flow\">\n<p>\u00ab\u00a0L&rsquo;\u00e9lectricit\u00e9 est la force qui donne vie \u00e0 nos technologiques modernes.\u00a0\u00bb  <\/p>\n<cite>Alexander Graham Bell<\/cite><\/blockquote>\n<\/div>\n","protected":false},"excerpt":{"rendered":"<p>Comment nous contacter Bonjour, j&rsquo;esp\u00e8re que mon site vous a plu. Je suis un \u00e9lectricien professionnel et je suis disponible pour des prestations dans le d\u00e9partement de la Savoie (73). Je m&rsquo;efforce de fournir un excellent service \u00e0 mes clients et j&rsquo;appr\u00e9cie le travail bien fait. Si vous \u00eates \u00e0 la recherche d&rsquo;un \u00e9lectricien sympathique [&hellip;]<\/p>\n","protected":false},"author":1,"featured_media":0,"parent":0,"menu_order":0,"comment_status":"closed","ping_status":"closed","template":"","meta":{"footnotes":""},"class_list":["post-68","page","type-page","status-publish","hentry"],"yoast_head":"<!-- This site is optimized with the Yoast SEO plugin v20.0 - https:\/\/yoast.com\/wordpress\/plugins\/seo\/ -->\n<title>Coordon\u00e9es - Herv\u00e9 Salomon Electricit\u00e9 G\u00e9n\u00e9rale<\/title>\n<meta name=\"description\" content=\"Vous \u00eates \u00e0 la recherche d&#039;un \u00e9lectricien sympathique et professionnel, je serais heureux de vous aider. N&#039;h\u00e9sitez pas \u00e0 me contacter.\" \/>\n<meta name=\"robots\" content=\"index, follow, max-snippet:-1, max-image-preview:large, max-video-preview:-1\" \/>\n<link rel=\"canonical\" href=\"https:\/\/www.hseg.fr\/index.php\/coordonees-elect-73\/\" \/>\n<meta property=\"og:locale\" content=\"fr_FR\" \/>\n<meta property=\"og:type\" content=\"article\" \/>\n<meta property=\"og:title\" content=\"Coordon\u00e9es - Herv\u00e9 Salomon Electricit\u00e9 G\u00e9n\u00e9rale\" \/>\n<meta property=\"og:description\" content=\"Vous \u00eates \u00e0 la recherche d&#039;un \u00e9lectricien sympathique et professionnel, je serais heureux de vous aider. N&#039;h\u00e9sitez pas \u00e0 me contacter.\" \/>\n<meta property=\"og:url\" content=\"https:\/\/www.hseg.fr\/index.php\/coordonees-elect-73\/\" \/>\n<meta property=\"og:site_name\" content=\"Herv\u00e9 Salomon Electricit\u00e9 G\u00e9n\u00e9rale\" \/>\n<meta property=\"article:publisher\" content=\"https:\/\/www.facebook.com\/herve.salomon.7\" \/>\n<meta property=\"article:modified_time\" content=\"2023-02-01T15:25:51+00:00\" \/>\n<meta property=\"og:image\" content=\"https:\/\/www.hseg.fr\/wp-content\/uploads\/2023\/01\/DSCF1555-1024x769.jpg\" \/>\n<meta name=\"twitter:card\" content=\"summary_large_image\" \/>\n<meta name=\"twitter:label1\" content=\"Dur\u00e9e de lecture estim\u00e9e\" \/>\n\t<meta name=\"twitter:data1\" content=\"2 minutes\" \/>\n<script type=\"application\/ld+json\" class=\"yoast-schema-graph\">{\"@context\":\"https:\/\/schema.org\",\"@graph\":[{\"@type\":\"WebPage\",\"@id\":\"https:\/\/www.hseg.fr\/index.php\/coordonees-elect-73\/\",\"url\":\"https:\/\/www.hseg.fr\/index.php\/coordonees-elect-73\/\",\"name\":\"Coordon\u00e9es - Herv\u00e9 Salomon Electricit\u00e9 G\u00e9n\u00e9rale\",\"isPartOf\":{\"@id\":\"https:\/\/www.hseg.fr\/#website\"},\"datePublished\":\"2022-07-07T14:50:47+00:00\",\"dateModified\":\"2023-02-01T15:25:51+00:00\",\"description\":\"Vous \u00eates \u00e0 la recherche d'un \u00e9lectricien sympathique et professionnel, je serais heureux de vous aider. N'h\u00e9sitez pas \u00e0 me contacter.\",\"breadcrumb\":{\"@id\":\"https:\/\/www.hseg.fr\/index.php\/coordonees-elect-73\/#breadcrumb\"},\"inLanguage\":\"fr-FR\",\"potentialAction\":[{\"@type\":\"ReadAction\",\"target\":[\"https:\/\/www.hseg.fr\/index.php\/coordonees-elect-73\/\"]}]},{\"@type\":\"BreadcrumbList\",\"@id\":\"https:\/\/www.hseg.fr\/index.php\/coordonees-elect-73\/#breadcrumb\",\"itemListElement\":[{\"@type\":\"ListItem\",\"position\":1,\"name\":\"Accueil\",\"item\":\"https:\/\/www.hseg.fr\/\"},{\"@type\":\"ListItem\",\"position\":2,\"name\":\"electricien en maurienne, haute maurienne numero telephone, coordon\u00e9es elect 73\"}]},{\"@type\":\"WebSite\",\"@id\":\"https:\/\/www.hseg.fr\/#website\",\"url\":\"https:\/\/www.hseg.fr\/\",\"name\":\"Herv\u00e9 Salomon Electricit\u00e9 G\u00e9n\u00e9rale\",\"description\":\"Artisan electricit\u00e9 g\u00e9n\u00e9rale en savoie\",\"publisher\":{\"@id\":\"https:\/\/www.hseg.fr\/#organization\"},\"potentialAction\":[{\"@type\":\"SearchAction\",\"target\":{\"@type\":\"EntryPoint\",\"urlTemplate\":\"https:\/\/www.hseg.fr\/?s={search_term_string}\"},\"query-input\":\"required name=search_term_string\"}],\"inLanguage\":\"fr-FR\"},{\"@type\":\"Organization\",\"@id\":\"https:\/\/www.hseg.fr\/#organization\",\"name\":\"SARL Herve salomon\",\"url\":\"https:\/\/www.hseg.fr\/\",\"logo\":{\"@type\":\"ImageObject\",\"inLanguage\":\"fr-FR\",\"@id\":\"https:\/\/www.hseg.fr\/#\/schema\/logo\/image\/\",\"url\":\"http:\/\/www.hseg.fr\/wp-content\/uploads\/2022\/07\/telecharger.png\",\"contentUrl\":\"http:\/\/www.hseg.fr\/wp-content\/uploads\/2022\/07\/telecharger.png\",\"width\":424,\"height\":424,\"caption\":\"SARL Herve salomon\"},\"image\":{\"@id\":\"https:\/\/www.hseg.fr\/#\/schema\/logo\/image\/\"},\"sameAs\":[\"https:\/\/www.facebook.com\/herve.salomon.7\"]}]}<\/script>\n<!-- \/ Yoast SEO plugin. -->","yoast_head_json":{"title":"Coordon\u00e9es - Herv\u00e9 Salomon Electricit\u00e9 G\u00e9n\u00e9rale","description":"Vous \u00eates \u00e0 la recherche d'un \u00e9lectricien sympathique et professionnel, je serais heureux de vous aider. N'h\u00e9sitez pas \u00e0 me contacter.","robots":{"index":"index","follow":"follow","max-snippet":"max-snippet:-1","max-image-preview":"max-image-preview:large","max-video-preview":"max-video-preview:-1"},"canonical":"https:\/\/www.hseg.fr\/index.php\/coordonees-elect-73\/","og_locale":"fr_FR","og_type":"article","og_title":"Coordon\u00e9es - Herv\u00e9 Salomon Electricit\u00e9 G\u00e9n\u00e9rale","og_description":"Vous \u00eates \u00e0 la recherche d'un \u00e9lectricien sympathique et professionnel, je serais heureux de vous aider. N'h\u00e9sitez pas \u00e0 me contacter.","og_url":"https:\/\/www.hseg.fr\/index.php\/coordonees-elect-73\/","og_site_name":"Herv\u00e9 Salomon Electricit\u00e9 G\u00e9n\u00e9rale","article_publisher":"https:\/\/www.facebook.com\/herve.salomon.7","article_modified_time":"2023-02-01T15:25:51+00:00","og_image":[{"url":"https:\/\/www.hseg.fr\/wp-content\/uploads\/2023\/01\/DSCF1555-1024x769.jpg"}],"twitter_card":"summary_large_image","twitter_misc":{"Dur\u00e9e de lecture estim\u00e9e":"2 minutes"},"schema":{"@context":"https:\/\/schema.org","@graph":[{"@type":"WebPage","@id":"https:\/\/www.hseg.fr\/index.php\/coordonees-elect-73\/","url":"https:\/\/www.hseg.fr\/index.php\/coordonees-elect-73\/","name":"Coordon\u00e9es - Herv\u00e9 Salomon Electricit\u00e9 G\u00e9n\u00e9rale","isPartOf":{"@id":"https:\/\/www.hseg.fr\/#website"},"datePublished":"2022-07-07T14:50:47+00:00","dateModified":"2023-02-01T15:25:51+00:00","description":"Vous \u00eates \u00e0 la recherche d'un \u00e9lectricien sympathique et professionnel, je serais heureux de vous aider. N'h\u00e9sitez pas \u00e0 me contacter.","breadcrumb":{"@id":"https:\/\/www.hseg.fr\/index.php\/coordonees-elect-73\/#breadcrumb"},"inLanguage":"fr-FR","potentialAction":[{"@type":"ReadAction","target":["https:\/\/www.hseg.fr\/index.php\/coordonees-elect-73\/"]}]},{"@type":"BreadcrumbList","@id":"https:\/\/www.hseg.fr\/index.php\/coordonees-elect-73\/#breadcrumb","itemListElement":[{"@type":"ListItem","position":1,"name":"Accueil","item":"https:\/\/www.hseg.fr\/"},{"@type":"ListItem","position":2,"name":"electricien en maurienne, haute maurienne numero telephone, coordon\u00e9es elect 73"}]},{"@type":"WebSite","@id":"https:\/\/www.hseg.fr\/#website","url":"https:\/\/www.hseg.fr\/","name":"Herv\u00e9 Salomon Electricit\u00e9 G\u00e9n\u00e9rale","description":"Artisan electricit\u00e9 g\u00e9n\u00e9rale en savoie","publisher":{"@id":"https:\/\/www.hseg.fr\/#organization"},"potentialAction":[{"@type":"SearchAction","target":{"@type":"EntryPoint","urlTemplate":"https:\/\/www.hseg.fr\/?s={search_term_string}"},"query-input":"required name=search_term_string"}],"inLanguage":"fr-FR"},{"@type":"Organization","@id":"https:\/\/www.hseg.fr\/#organization","name":"SARL Herve salomon","url":"https:\/\/www.hseg.fr\/","logo":{"@type":"ImageObject","inLanguage":"fr-FR","@id":"https:\/\/www.hseg.fr\/#\/schema\/logo\/image\/","url":"http:\/\/www.hseg.fr\/wp-content\/uploads\/2022\/07\/telecharger.png","contentUrl":"http:\/\/www.hseg.fr\/wp-content\/uploads\/2022\/07\/telecharger.png","width":424,"height":424,"caption":"SARL Herve salomon"},"image":{"@id":"https:\/\/www.hseg.fr\/#\/schema\/logo\/image\/"},"sameAs":["https:\/\/www.facebook.com\/herve.salomon.7"]}]}},"_links":{"self":[{"href":"https:\/\/www.hseg.fr\/index.php\/wp-json\/wp\/v2\/pages\/68","targetHints":{"allow":["GET"]}}],"collection":[{"href":"https:\/\/www.hseg.fr\/index.php\/wp-json\/wp\/v2\/pages"}],"about":[{"href":"https:\/\/www.hseg.fr\/index.php\/wp-json\/wp\/v2\/types\/page"}],"author":[{"embeddable":true,"href":"https:\/\/www.hseg.fr\/index.php\/wp-json\/wp\/v2\/users\/1"}],"replies":[{"embeddable":true,"href":"https:\/\/www.hseg.fr\/index.php\/wp-json\/wp\/v2\/comments?post=68"}],"version-history":[{"count":42,"href":"https:\/\/www.hseg.fr\/index.php\/wp-json\/wp\/v2\/pages\/68\/revisions"}],"predecessor-version":[{"id":803,"href":"https:\/\/www.hseg.fr\/index.php\/wp-json\/wp\/v2\/pages\/68\/revisions\/803"}],"wp:attachment":[{"href":"https:\/\/www.hseg.fr\/index.php\/wp-json\/wp\/v2\/media?parent=68"}],"curies":[{"name":"wp","href":"https:\/\/api.w.org\/{rel}","templated":true}]}}