{"id":65,"date":"2022-07-07T16:41:07","date_gmt":"2022-07-07T14:41:07","guid":{"rendered":"http:\/\/www.hseg.fr\/?page_id=65"},"modified":"2023-02-01T16:20:44","modified_gmt":"2023-02-01T15:20:44","slug":"solution-chauffage","status":"publish","type":"page","link":"https:\/\/www.hseg.fr\/index.php\/solution-chauffage\/","title":{"rendered":"electricien chauffage electrique savoie 73"},"content":{"rendered":"\n<h3 class=\"alignwide has-text-align-center wp-block-heading\"><strong>Mes solutions Chauffages<\/strong><\/h3>\n\n\n\n<figure class=\"wp-block-image alignfull size-large\"><img loading=\"lazy\" decoding=\"async\" width=\"1024\" height=\"512\" src=\"https:\/\/www.hseg.fr\/wp-content\/uploads\/2022\/07\/Copie-de-Noir-Rouge-Jaune-et-Bleu-Espace-et-Galaxie-Jeunes-Adultes-Anniversaire-Banniere-1-1024x512.jpg\" alt=\"Une banderole reprenant le drapeau de la France en arri\u00e8re-plan. En premier plan, il y a 8 diapos photo. une avec deux photos d'un seche serviette, une d'un thermostat, une d'un chat qui dors sur un chauffage, une d'un plancher chauffant, une d'un drapeau francais et la derniere d'une mains qui touche un radiateur.\" class=\"wp-image-140\" srcset=\"https:\/\/www.hseg.fr\/wp-content\/uploads\/2022\/07\/Copie-de-Noir-Rouge-Jaune-et-Bleu-Espace-et-Galaxie-Jeunes-Adultes-Anniversaire-Banniere-1-1024x512.jpg 1024w, https:\/\/www.hseg.fr\/wp-content\/uploads\/2022\/07\/Copie-de-Noir-Rouge-Jaune-et-Bleu-Espace-et-Galaxie-Jeunes-Adultes-Anniversaire-Banniere-1-300x150.jpg 300w, https:\/\/www.hseg.fr\/wp-content\/uploads\/2022\/07\/Copie-de-Noir-Rouge-Jaune-et-Bleu-Espace-et-Galaxie-Jeunes-Adultes-Anniversaire-Banniere-1-768x384.jpg 768w, https:\/\/www.hseg.fr\/wp-content\/uploads\/2022\/07\/Copie-de-Noir-Rouge-Jaune-et-Bleu-Espace-et-Galaxie-Jeunes-Adultes-Anniversaire-Banniere-1-1536x768.jpg 1536w, https:\/\/www.hseg.fr\/wp-content\/uploads\/2022\/07\/Copie-de-Noir-Rouge-Jaune-et-Bleu-Espace-et-Galaxie-Jeunes-Adultes-Anniversaire-Banniere-1-2048x1024.jpg 2048w\" sizes=\"auto, (max-width: 1024px) 100vw, 1024px\" \/><\/figure>\n\n\n\n<div class=\"wp-block-group alignwide is-style-default bricksy-team-additional is-layout-constrained wp-container-core-group-is-layout-15e75c8e wp-block-group-is-layout-constrained\" style=\"padding-top:4rem;padding-right:0rem;padding-bottom:4rem;padding-left:0rem\">\n<div class=\"wp-block-columns is-style-default is-layout-flex wp-container-core-columns-is-layout-28f84493 wp-block-columns-is-layout-flex\">\n<div class=\"wp-block-column has-white-background-color has-background has-link-color is-layout-flow wp-block-column-is-layout-flow\" style=\"padding-top:4rem;padding-right:2rem;padding-bottom:4rem;padding-left:2rem\">\n<div class=\"wp-block-group alignfull has-border-color has-foreground-border-color is-layout-flow wp-block-group-is-layout-flow\" style=\"border-style:solid;border-width:2px;padding-top:0px;padding-right:0px;padding-bottom:40px;padding-left:0px\">\n<figure class=\"wp-block-image size-large\"><img loading=\"lazy\" decoding=\"async\" width=\"724\" height=\"1024\" src=\"https:\/\/www.hseg.fr\/wp-content\/uploads\/2023\/01\/Sans-titre-18-724x1024.png\" alt=\"Une photo de cordon chauffant, installation fait pour un plancher chauffant.\" class=\"wp-image-648\" srcset=\"https:\/\/www.hseg.fr\/wp-content\/uploads\/2023\/01\/Sans-titre-18-724x1024.png 724w, https:\/\/www.hseg.fr\/wp-content\/uploads\/2023\/01\/Sans-titre-18-212x300.png 212w, https:\/\/www.hseg.fr\/wp-content\/uploads\/2023\/01\/Sans-titre-18-768x1086.png 768w, https:\/\/www.hseg.fr\/wp-content\/uploads\/2023\/01\/Sans-titre-18-1086x1536.png 1086w, https:\/\/www.hseg.fr\/wp-content\/uploads\/2023\/01\/Sans-titre-18.png 1414w\" sizes=\"auto, (max-width: 724px) 100vw, 724px\" \/><\/figure>\n\n\n\n<div class=\"wp-block-group alignfull is-layout-flow wp-block-group-is-layout-flow\">\n<div class=\"wp-block-group alignfull is-style-emoly-border is-layout-flow wp-block-group-is-layout-flow\">\n<p class=\"has-text-align-center\"><strong>Les planchers chauffants<\/strong><\/p>\n<\/div>\n\n\n\n<p class=\"has-text-align-left\">Ils fournissent une chaleur uniforme et homog\u00e8ne qui est \u00e9conome. Ils peuvent \u00e9galement contribuer \u00e0 r\u00e9duire les allergies et l&rsquo;humidit\u00e9 et sont g\u00e9n\u00e9ralement tr\u00e8s silencieux et faciles \u00e0 entretenir.<\/p>\n<\/div>\n<\/div>\n<\/div>\n\n\n\n<div class=\"wp-block-column has-white-background-color has-background has-link-color is-layout-flow wp-block-column-is-layout-flow\" style=\"padding-top:4rem;padding-right:2rem;padding-bottom:4rem;padding-left:2rem\">\n<h5 class=\"has-text-align-center has-large-font-size wp-block-heading\" id=\"our-team\">le confort de l&rsquo;\u00e9l\u00e9ctrique<\/h5>\n\n\n\n<div class=\"wp-block-group alignfull has-border-color has-foreground-border-color is-layout-flow wp-block-group-is-layout-flow\" style=\"border-style:solid;border-width:2px;padding-top:0px;padding-right:0px;padding-bottom:40px;padding-left:0px\">\n<figure class=\"wp-block-image aligncenter size-large is-style-default\"><img loading=\"lazy\" decoding=\"async\" width=\"724\" height=\"1024\" src=\"https:\/\/www.hseg.fr\/wp-content\/uploads\/2023\/01\/Sans-titre-17-724x1024.png\" alt=\"Photo d'un chauffage \u00e9lectrique contre un mur avec Salomon Herve en train d'installer un support pour fixer le radiateur au mur.\" class=\"wp-image-646\" srcset=\"https:\/\/www.hseg.fr\/wp-content\/uploads\/2023\/01\/Sans-titre-17-724x1024.png 724w, https:\/\/www.hseg.fr\/wp-content\/uploads\/2023\/01\/Sans-titre-17-212x300.png 212w, https:\/\/www.hseg.fr\/wp-content\/uploads\/2023\/01\/Sans-titre-17-768x1086.png 768w, https:\/\/www.hseg.fr\/wp-content\/uploads\/2023\/01\/Sans-titre-17-1086x1536.png 1086w, https:\/\/www.hseg.fr\/wp-content\/uploads\/2023\/01\/Sans-titre-17.png 1414w\" sizes=\"auto, (max-width: 724px) 100vw, 724px\" \/><\/figure>\n\n\n\n<p class=\"has-text-align-center\"><strong>Les radiateurs<\/strong><\/p>\n\n\n\n<p>Les radiateurs \u00e9lectriques ont de nombreux avantages. Ils sont faciles \u00e0 installer, ne n\u00e9cessitent pas de combustible et sont tr\u00e8s silencieux. Ils peuvent aussi fournir une chaleur de mani\u00e8re tr\u00e8s rapide et efficace.<\/p>\n<\/div>\n<\/div>\n\n\n\n<div class=\"wp-block-column has-white-background-color has-background has-link-color is-layout-flow wp-block-column-is-layout-flow\" style=\"padding-top:4rem;padding-right:2rem;padding-bottom:2rem;padding-left:2rem\">\n<div class=\"wp-block-group alignfull has-border-color has-foreground-border-color is-layout-flow wp-block-group-is-layout-flow\" style=\"border-style:solid;border-width:2px;padding-top:0px;padding-right:0px;padding-bottom:40px;padding-left:0px\">\n<figure class=\"wp-block-image aligncenter size-large is-style-default\"><img loading=\"lazy\" decoding=\"async\" width=\"724\" height=\"1024\" src=\"https:\/\/www.hseg.fr\/wp-content\/uploads\/2023\/01\/Sans-titre-16-724x1024.png\" alt=\"Un bloque climatisation avec une main au premier plan tenant une t\u00e9l\u00e9commande pour r\u00e9gler la climatisation.\" class=\"wp-image-645\" srcset=\"https:\/\/www.hseg.fr\/wp-content\/uploads\/2023\/01\/Sans-titre-16-724x1024.png 724w, https:\/\/www.hseg.fr\/wp-content\/uploads\/2023\/01\/Sans-titre-16-212x300.png 212w, https:\/\/www.hseg.fr\/wp-content\/uploads\/2023\/01\/Sans-titre-16-768x1086.png 768w, https:\/\/www.hseg.fr\/wp-content\/uploads\/2023\/01\/Sans-titre-16-1086x1536.png 1086w, https:\/\/www.hseg.fr\/wp-content\/uploads\/2023\/01\/Sans-titre-16.png 1414w\" sizes=\"auto, (max-width: 724px) 100vw, 724px\" \/><\/figure>\n\n\n\n<p class=\"has-text-align-center\"><strong><a href=\"https:\/\/www.hseg.fr\/index.php\/climatisation\/\">La climatisation r\u00e9versible<\/a><\/strong><\/p>\n\n\n\n<p>La climatisation r\u00e9versible offre des avantages consid\u00e9rables, notamment une r\u00e9duction de la consommation d&rsquo;\u00e9nergie, une meilleure qualit\u00e9 de l&rsquo;air int\u00e9rieur et une plus grande r\u00e9gulation de la temp\u00e9rature int\u00e9rieure.<\/p>\n<\/div>\n<\/div>\n<\/div>\n\n\n\n<h3 class=\"has-background-background-color has-background wp-block-heading\">Devis gratuit et personnalis\u00e9<\/h3>\n\n\n\n<div class=\"wp-block-media-text alignwide is-stacked-on-mobile has-tertiary-background-color has-background\" style=\"grid-template-columns:47% auto\"><figure class=\"wp-block-media-text__media\"><img decoding=\"async\" src=\"https:\/\/www.hseg.fr\/wp-content\/uploads\/2023\/01\/DSCF1477.jpg\" alt=\"Une photo d'Herve Salomon accroupie en train de remonter une prise \u00e9lectrique au mur. Nous pouvons voir autour de lui des outils poser au sol.\" class=\"wp-image-658 size-full\"\/><\/figure><div class=\"wp-block-media-text__content\">\n<p>Vous souhaitez faire effectuer une r\u00e9novation et ne savez pas quel type de chauffage \u00e9lectrique vous conviendrait le mieux ?<\/p>\n\n\n\n<p>Le meilleur moyen est de commencer par \u00e9tablir un diagnostic. En effet, ce dernier permet de se faire une id\u00e9e pr\u00e9cise de l\u2019\u00e9tat de votre installation, de ce qui peut \u00eatre r\u00e9alis\u00e9 ou non. On observera l\u2019\u00e9tat g\u00e9n\u00e9ral de l\u2019installation \u00e9lectrique, des travaux que vous souhaitez r\u00e9aliser, des volumes d\u2019air de chaque pi\u00e8ce \u00e0 chauffer et nous r\u00e9fl\u00e9chirons aux solutions possibles, pour que l\u2019installation r\u00e9ponde \u00e0 toutes vos attentes, autant sur le plan fonctionnel que financier.<\/p>\n\n\n\n<p>Suite au diagnostic, nous allons vous \u00e9tablir un devis personnalis\u00e9, avec une vari\u00e9t\u00e9 de produits fran\u00e7ais de qualit\u00e9 sup\u00e9rieure et garantis.<\/p>\n<\/div><\/div>\n\n\n\n<h3 class=\"wp-block-heading\">D\u00e9sinstallation et \u00e9vacuation<\/h3>\n\n\n\n<div class=\"wp-block-media-text alignwide has-media-on-the-right is-stacked-on-mobile\"><div class=\"wp-block-media-text__content\">\n<p>Apr\u00e8s avoir valid\u00e9 le devis, nous nous engageons \u00e0 d\u00e9sinstaller vos anciens appareils et a les \u00e9vacuer.<\/p>\n\n\n\n<p>\u00c9videmment l\u2019\u00e9vacuation, ainsi que l\u2019\u00e9cotaxe sont comprises dans le devis initial afin que vous n&rsquo;aillez pas de mauvaise surprise, lors de la facturation.<\/p>\n<\/div><figure class=\"wp-block-media-text__media\"><img loading=\"lazy\" decoding=\"async\" width=\"1024\" height=\"757\" src=\"https:\/\/www.hseg.fr\/wp-content\/uploads\/2023\/01\/DSCF1449-1-1024x757.jpg\" alt=\"3 vieux chauffages qui viennent d'\u00eatre d\u00e9mont\u00e9s et appuyer contre un mur. Ils sont pr\u00eats \u00e0 \u00eatre \u00e9vacu\u00e9s.\" class=\"wp-image-664 size-full\" srcset=\"https:\/\/www.hseg.fr\/wp-content\/uploads\/2023\/01\/DSCF1449-1-1024x757.jpg 1024w, https:\/\/www.hseg.fr\/wp-content\/uploads\/2023\/01\/DSCF1449-1-300x222.jpg 300w, https:\/\/www.hseg.fr\/wp-content\/uploads\/2023\/01\/DSCF1449-1-768x568.jpg 768w, https:\/\/www.hseg.fr\/wp-content\/uploads\/2023\/01\/DSCF1449-1-1536x1135.jpg 1536w, https:\/\/www.hseg.fr\/wp-content\/uploads\/2023\/01\/DSCF1449-1-2048x1514.jpg 2048w\" sizes=\"auto, (max-width: 1024px) 100vw, 1024px\" \/><\/figure><\/div>\n\n\n\n<h3 class=\"wp-block-heading\">Nouvelle installation<\/h3>\n\n\n\n<div class=\"wp-block-media-text alignwide is-stacked-on-mobile has-tertiary-background-color has-background\"><figure class=\"wp-block-media-text__media\"><img loading=\"lazy\" decoding=\"async\" width=\"1024\" height=\"769\" src=\"https:\/\/www.hseg.fr\/wp-content\/uploads\/2023\/01\/DSCF1537-1024x769.jpg\" alt=\"Un radiateur \u00e9lectrique fix\u00e9 \u00e0 un mur et un niveau pos\u00e9 dessus pour v\u00e9rifier qu'il soit bien installer.\" class=\"wp-image-669 size-full\" srcset=\"https:\/\/www.hseg.fr\/wp-content\/uploads\/2023\/01\/DSCF1537-1024x769.jpg 1024w, https:\/\/www.hseg.fr\/wp-content\/uploads\/2023\/01\/DSCF1537-300x225.jpg 300w, https:\/\/www.hseg.fr\/wp-content\/uploads\/2023\/01\/DSCF1537-768x577.jpg 768w, https:\/\/www.hseg.fr\/wp-content\/uploads\/2023\/01\/DSCF1537-1536x1153.jpg 1536w, https:\/\/www.hseg.fr\/wp-content\/uploads\/2023\/01\/DSCF1537-2048x1538.jpg 2048w\" sizes=\"auto, (max-width: 1024px) 100vw, 1024px\" \/><\/figure><div class=\"wp-block-media-text__content\">\n<p>Chaque installation est faite consciencieusement. Nous faisons en sorte que tout soit correctement install\u00e9 \u00e0 l\u2019emplacement le plus appropri\u00e9 possible, afin de se fondre au mieux dans votre d\u00e9cor.<br>Toutes nos installations \u00e9lectriques sont test\u00e9es, pour \u00eatre conformes aux normes en vigueur et ainsi garantir le bon fonctionnement de vos appareils.<\/p>\n<\/div><\/div>\n\n\n\n<h3 class=\"wp-block-heading\">Programmateur<\/h3>\n\n\n\n<p>Nous vous recommandons d\u2019utiliser un thermostat programmateur, pour r\u00e9guler la temp\u00e9rature de votre maison, en fonction de votre rythme de vie. En programmant ce dernier, pour r\u00e9duire la temp\u00e9rature pendant les p\u00e9riodes d\u2019inactivit\u00e9 et augmenter la temp\u00e9rature pendant les p\u00e9riodes d\u2019activit\u00e9, vous pouvez \u00e9conomiser de l\u2019\u00e9nergie et r\u00e9duire votre facture d\u2019\u00e9lectricit\u00e9. . Nous pouvons vous aider pour trouver le thermostat et vous guider dans le r\u00e9glage domotique, dont vous avez besoin. Notre gamme de produits offre des solutions pour tous les budgets et tous les types de besoins. Nous sommes \u00e0 votre disposition pour r\u00e9pondre \u00e0 toutes vos questions et vous aider pour trouver le produit qui vous convient le mieux.<br>N&rsquo;h\u00e9sitez pas \u00e0 nous <a href=\"https:\/\/www.hseg.fr\/index.php\/contact\/\">contacter <\/a>si vous avez besoin de plus d&rsquo;informations.&nbsp;<\/p>\n<\/div>\n","protected":false},"excerpt":{"rendered":"<p>Mes solutions Chauffages Les planchers chauffants Ils fournissent une chaleur uniforme et homog\u00e8ne qui est \u00e9conome. Ils peuvent \u00e9galement contribuer \u00e0 r\u00e9duire les allergies et l&rsquo;humidit\u00e9 et sont g\u00e9n\u00e9ralement tr\u00e8s silencieux et faciles \u00e0 entretenir. le confort de l&rsquo;\u00e9l\u00e9ctrique Les radiateurs Les radiateurs \u00e9lectriques ont de nombreux avantages. Ils sont faciles \u00e0 installer, ne n\u00e9cessitent [&hellip;]<\/p>\n","protected":false},"author":1,"featured_media":0,"parent":0,"menu_order":0,"comment_status":"closed","ping_status":"closed","template":"","meta":{"footnotes":""},"class_list":["post-65","page","type-page","status-publish","hentry"],"yoast_head":"<!-- This site is optimized with the Yoast SEO plugin v20.0 - https:\/\/yoast.com\/wordpress\/plugins\/seo\/ -->\n<title>electricien chauffage electrique savoie 73 -<\/title>\n<meta name=\"description\" content=\"Vous souhaitez modifier votre mode de chauffage et ne savez pas quel type de chauffage \u00e9lectrique choisir ? Radiateurs, climatisation ...\" \/>\n<meta name=\"robots\" content=\"index, follow, max-snippet:-1, max-image-preview:large, max-video-preview:-1\" \/>\n<link rel=\"canonical\" href=\"https:\/\/www.hseg.fr\/index.php\/solution-chauffage\/\" \/>\n<meta property=\"og:locale\" content=\"fr_FR\" \/>\n<meta property=\"og:type\" content=\"article\" \/>\n<meta property=\"og:title\" content=\"electricien chauffage electrique savoie 73 -\" \/>\n<meta property=\"og:description\" content=\"Vous souhaitez modifier votre mode de chauffage et ne savez pas quel type de chauffage \u00e9lectrique choisir ? Radiateurs, climatisation ...\" \/>\n<meta property=\"og:url\" content=\"https:\/\/www.hseg.fr\/index.php\/solution-chauffage\/\" \/>\n<meta property=\"og:site_name\" content=\"Herv\u00e9 Salomon Electricit\u00e9 G\u00e9n\u00e9rale\" \/>\n<meta property=\"article:publisher\" content=\"https:\/\/www.facebook.com\/herve.salomon.7\" \/>\n<meta property=\"article:modified_time\" content=\"2023-02-01T15:20:44+00:00\" \/>\n<meta property=\"og:image\" content=\"https:\/\/www.hseg.fr\/wp-content\/uploads\/2022\/07\/Copie-de-Noir-Rouge-Jaune-et-Bleu-Espace-et-Galaxie-Jeunes-Adultes-Anniversaire-Banniere-1-1024x512.jpg\" \/>\n<meta name=\"twitter:card\" content=\"summary_large_image\" \/>\n<meta name=\"twitter:label1\" content=\"Dur\u00e9e de lecture estim\u00e9e\" \/>\n\t<meta name=\"twitter:data1\" content=\"4 minutes\" \/>\n<script type=\"application\/ld+json\" class=\"yoast-schema-graph\">{\"@context\":\"https:\/\/schema.org\",\"@graph\":[{\"@type\":\"WebPage\",\"@id\":\"https:\/\/www.hseg.fr\/index.php\/solution-chauffage\/\",\"url\":\"https:\/\/www.hseg.fr\/index.php\/solution-chauffage\/\",\"name\":\"electricien chauffage electrique savoie 73 -\",\"isPartOf\":{\"@id\":\"https:\/\/www.hseg.fr\/#website\"},\"datePublished\":\"2022-07-07T14:41:07+00:00\",\"dateModified\":\"2023-02-01T15:20:44+00:00\",\"description\":\"Vous souhaitez modifier votre mode de chauffage et ne savez pas quel type de chauffage \u00e9lectrique choisir ? Radiateurs, climatisation ...\",\"breadcrumb\":{\"@id\":\"https:\/\/www.hseg.fr\/index.php\/solution-chauffage\/#breadcrumb\"},\"inLanguage\":\"fr-FR\",\"potentialAction\":[{\"@type\":\"ReadAction\",\"target\":[\"https:\/\/www.hseg.fr\/index.php\/solution-chauffage\/\"]}]},{\"@type\":\"BreadcrumbList\",\"@id\":\"https:\/\/www.hseg.fr\/index.php\/solution-chauffage\/#breadcrumb\",\"itemListElement\":[{\"@type\":\"ListItem\",\"position\":1,\"name\":\"Accueil\",\"item\":\"https:\/\/www.hseg.fr\/\"},{\"@type\":\"ListItem\",\"position\":2,\"name\":\"electricien chauffage electrique savoie 73\"}]},{\"@type\":\"WebSite\",\"@id\":\"https:\/\/www.hseg.fr\/#website\",\"url\":\"https:\/\/www.hseg.fr\/\",\"name\":\"Herv\u00e9 Salomon Electricit\u00e9 G\u00e9n\u00e9rale\",\"description\":\"Artisan electricit\u00e9 g\u00e9n\u00e9rale en savoie\",\"publisher\":{\"@id\":\"https:\/\/www.hseg.fr\/#organization\"},\"potentialAction\":[{\"@type\":\"SearchAction\",\"target\":{\"@type\":\"EntryPoint\",\"urlTemplate\":\"https:\/\/www.hseg.fr\/?s={search_term_string}\"},\"query-input\":\"required name=search_term_string\"}],\"inLanguage\":\"fr-FR\"},{\"@type\":\"Organization\",\"@id\":\"https:\/\/www.hseg.fr\/#organization\",\"name\":\"SARL Herve salomon\",\"url\":\"https:\/\/www.hseg.fr\/\",\"logo\":{\"@type\":\"ImageObject\",\"inLanguage\":\"fr-FR\",\"@id\":\"https:\/\/www.hseg.fr\/#\/schema\/logo\/image\/\",\"url\":\"http:\/\/www.hseg.fr\/wp-content\/uploads\/2022\/07\/telecharger.png\",\"contentUrl\":\"http:\/\/www.hseg.fr\/wp-content\/uploads\/2022\/07\/telecharger.png\",\"width\":424,\"height\":424,\"caption\":\"SARL Herve salomon\"},\"image\":{\"@id\":\"https:\/\/www.hseg.fr\/#\/schema\/logo\/image\/\"},\"sameAs\":[\"https:\/\/www.facebook.com\/herve.salomon.7\"]}]}<\/script>\n<!-- \/ Yoast SEO plugin. -->","yoast_head_json":{"title":"electricien chauffage electrique savoie 73 -","description":"Vous souhaitez modifier votre mode de chauffage et ne savez pas quel type de chauffage \u00e9lectrique choisir ? Radiateurs, climatisation ...","robots":{"index":"index","follow":"follow","max-snippet":"max-snippet:-1","max-image-preview":"max-image-preview:large","max-video-preview":"max-video-preview:-1"},"canonical":"https:\/\/www.hseg.fr\/index.php\/solution-chauffage\/","og_locale":"fr_FR","og_type":"article","og_title":"electricien chauffage electrique savoie 73 -","og_description":"Vous souhaitez modifier votre mode de chauffage et ne savez pas quel type de chauffage \u00e9lectrique choisir ? Radiateurs, climatisation ...","og_url":"https:\/\/www.hseg.fr\/index.php\/solution-chauffage\/","og_site_name":"Herv\u00e9 Salomon Electricit\u00e9 G\u00e9n\u00e9rale","article_publisher":"https:\/\/www.facebook.com\/herve.salomon.7","article_modified_time":"2023-02-01T15:20:44+00:00","og_image":[{"url":"https:\/\/www.hseg.fr\/wp-content\/uploads\/2022\/07\/Copie-de-Noir-Rouge-Jaune-et-Bleu-Espace-et-Galaxie-Jeunes-Adultes-Anniversaire-Banniere-1-1024x512.jpg"}],"twitter_card":"summary_large_image","twitter_misc":{"Dur\u00e9e de lecture estim\u00e9e":"4 minutes"},"schema":{"@context":"https:\/\/schema.org","@graph":[{"@type":"WebPage","@id":"https:\/\/www.hseg.fr\/index.php\/solution-chauffage\/","url":"https:\/\/www.hseg.fr\/index.php\/solution-chauffage\/","name":"electricien chauffage electrique savoie 73 -","isPartOf":{"@id":"https:\/\/www.hseg.fr\/#website"},"datePublished":"2022-07-07T14:41:07+00:00","dateModified":"2023-02-01T15:20:44+00:00","description":"Vous souhaitez modifier votre mode de chauffage et ne savez pas quel type de chauffage \u00e9lectrique choisir ? Radiateurs, climatisation ...","breadcrumb":{"@id":"https:\/\/www.hseg.fr\/index.php\/solution-chauffage\/#breadcrumb"},"inLanguage":"fr-FR","potentialAction":[{"@type":"ReadAction","target":["https:\/\/www.hseg.fr\/index.php\/solution-chauffage\/"]}]},{"@type":"BreadcrumbList","@id":"https:\/\/www.hseg.fr\/index.php\/solution-chauffage\/#breadcrumb","itemListElement":[{"@type":"ListItem","position":1,"name":"Accueil","item":"https:\/\/www.hseg.fr\/"},{"@type":"ListItem","position":2,"name":"electricien chauffage electrique savoie 73"}]},{"@type":"WebSite","@id":"https:\/\/www.hseg.fr\/#website","url":"https:\/\/www.hseg.fr\/","name":"Herv\u00e9 Salomon Electricit\u00e9 G\u00e9n\u00e9rale","description":"Artisan electricit\u00e9 g\u00e9n\u00e9rale en savoie","publisher":{"@id":"https:\/\/www.hseg.fr\/#organization"},"potentialAction":[{"@type":"SearchAction","target":{"@type":"EntryPoint","urlTemplate":"https:\/\/www.hseg.fr\/?s={search_term_string}"},"query-input":"required name=search_term_string"}],"inLanguage":"fr-FR"},{"@type":"Organization","@id":"https:\/\/www.hseg.fr\/#organization","name":"SARL Herve salomon","url":"https:\/\/www.hseg.fr\/","logo":{"@type":"ImageObject","inLanguage":"fr-FR","@id":"https:\/\/www.hseg.fr\/#\/schema\/logo\/image\/","url":"http:\/\/www.hseg.fr\/wp-content\/uploads\/2022\/07\/telecharger.png","contentUrl":"http:\/\/www.hseg.fr\/wp-content\/uploads\/2022\/07\/telecharger.png","width":424,"height":424,"caption":"SARL Herve salomon"},"image":{"@id":"https:\/\/www.hseg.fr\/#\/schema\/logo\/image\/"},"sameAs":["https:\/\/www.facebook.com\/herve.salomon.7"]}]}},"_links":{"self":[{"href":"https:\/\/www.hseg.fr\/index.php\/wp-json\/wp\/v2\/pages\/65","targetHints":{"allow":["GET"]}}],"collection":[{"href":"https:\/\/www.hseg.fr\/index.php\/wp-json\/wp\/v2\/pages"}],"about":[{"href":"https:\/\/www.hseg.fr\/index.php\/wp-json\/wp\/v2\/types\/page"}],"author":[{"embeddable":true,"href":"https:\/\/www.hseg.fr\/index.php\/wp-json\/wp\/v2\/users\/1"}],"replies":[{"embeddable":true,"href":"https:\/\/www.hseg.fr\/index.php\/wp-json\/wp\/v2\/comments?post=65"}],"version-history":[{"count":40,"href":"https:\/\/www.hseg.fr\/index.php\/wp-json\/wp\/v2\/pages\/65\/revisions"}],"predecessor-version":[{"id":799,"href":"https:\/\/www.hseg.fr\/index.php\/wp-json\/wp\/v2\/pages\/65\/revisions\/799"}],"wp:attachment":[{"href":"https:\/\/www.hseg.fr\/index.php\/wp-json\/wp\/v2\/media?parent=65"}],"curies":[{"name":"wp","href":"https:\/\/api.w.org\/{rel}","templated":true}]}}